{"id":1064,"date":"2014-08-09T16:34:37","date_gmt":"2014-08-09T14:34:37","guid":{"rendered":"http:\/\/www.magazinerandom.com\/mecenate\/?page_id=1064"},"modified":"2014-08-13T18:32:02","modified_gmt":"2014-08-13T16:32:02","slug":"login-register","status":"publish","type":"page","link":"https:\/\/www.magazinerandom.com\/mecenate\/login-register\/","title":{"rendered":"Login * Registrati"},"content":{"rendered":"<p><code><div class=\"atcf-login\"><form name=\"loginform\" id=\"loginform\" action=\"https:\/\/www.magazinerandom.com\/mecenate\/wp-login.php\" method=\"post\"><p class=\"login-username\">\n\t\t\t\t<label for=\"user_login\">Nome utente o indirizzo email<\/label>\n\t\t\t\t<input type=\"text\" name=\"log\" id=\"user_login\" autocomplete=\"username\" class=\"input\" value=\"\" size=\"20\" \/>\n\t\t\t<\/p><p class=\"login-password\">\n\t\t\t\t<label for=\"user_pass\">Password<\/label>\n\t\t\t\t<input type=\"password\" name=\"pwd\" id=\"user_pass\" autocomplete=\"current-password\" spellcheck=\"false\" class=\"input\" value=\"\" size=\"20\" \/>\n\t\t\t<\/p><p class=\"login-remember\"><label><input name=\"rememberme\" type=\"checkbox\" id=\"rememberme\" value=\"forever\" \/> Ricordami<\/label><\/p><p class=\"login-submit\">\n\t\t\t\t<input type=\"submit\" name=\"wp-submit\" id=\"wp-submit\" class=\"button button-primary\" value=\"Accedi\" \/>\n\t\t\t\t<input type=\"hidden\" name=\"redirect_to\" value=\"https:\/\/www.magazinerandom.com\/mecenate\/wp-json\/wp\/v2\/pages\/1064\" \/>\n\t\t\t<\/p><p>\n\t\t<a href=\"https:\/\/www.magazinerandom.com\/mecenate\/wp-login.php?action=lostpassword\">Forgot Password<\/a> or <a href=\"https:\/\/www.magazinerandom.com\/mecenate\/register\/\">Register<\/a><\/p><\/form><\/div><\/code><\/p>\n<p><code><div class=\"atcf-register\"><form name=\"registerform\" id=\"registerform\" action=\"\" method=\"post\">\t<p class=\"atcf-register-name\">\n\t\t<label for=\"user_nicename\">Your Name<\/label>\n\t\t<input type=\"text\" name=\"displayname\" id=\"displayname\" class=\"input\" value=\"\" \/>\n\t<\/p>\n\n\t<p class=\"atcf-register-email\">\n\t\t<label for=\"user_login\">Email Address<\/label>\n\t\t<input type=\"text\" name=\"user_email\" id=\"user_email\" class=\"input\" value=\"\" \/>\n\t<\/p>\n\n\t<p class=\"atcf-register-username\">\n\t\t<label for=\"user_login\">Username<\/label>\n\t\t<input type=\"text\" name=\"user_login\" id=\"user_login\" class=\"input\" value=\"\" \/>\n\t<\/p>\n\n\t<p class=\"atcf-register-password\">\n\t\t<label for=\"user_pass\">Password<\/label>\n\t\t<input type=\"password\" name=\"user_pass\" id=\"user_pass\" class=\"input\" value=\"\" \/>\n\t<\/p>\n\n\t<p class=\"atcf-register-submit\">\n\t\t<input type=\"submit\" name=\"submit\" id=\"submit\" class=\"button-primary\" value=\"Register\" \/>\n\t\t<input type=\"hidden\" name=\"action\" value=\"atcf-register-submit\" \/>\n\t\t<input type=\"hidden\" id=\"_wpnonce\" name=\"_wpnonce\" value=\"edcf71201d\" \/><input type=\"hidden\" name=\"_wp_http_referer\" value=\"\/mecenate\/wp-json\/wp\/v2\/pages\/1064\" \/>\t<\/p>\n<\/form><\/div><\/code><\/p>\n<div class=\"sharedaddy sd-sharing-enabled\"><div class=\"robots-nocontent sd-block sd-social sd-social-icon sd-sharing\"><h3 class=\"sd-title\">Condividi (Share)<\/h3><div class=\"sd-content\"><ul><li class=\"share-email\"><a rel=\"nofollow noopener noreferrer\" data-shared=\"\" class=\"share-email sd-button share-icon no-text\" href=\"https:\/\/www.magazinerandom.com\/mecenate\/login-register\/?share=email\" target=\"_blank\" title=\"Fai clic qui per inviare l'articolo via mail ad un amico\"><span><\/span><span class=\"sharing-screen-reader-text\">Fai clic qui per inviare l'articolo via mail ad un amico (Si apre in una nuova finestra)<\/span><\/a><\/li><li class=\"share-facebook\"><a rel=\"nofollow noopener noreferrer\" data-shared=\"sharing-facebook-1064\" class=\"share-facebook sd-button share-icon no-text\" href=\"https:\/\/www.magazinerandom.com\/mecenate\/login-register\/?share=facebook\" target=\"_blank\" title=\"Fai clic per condividere su Facebook\"><span><\/span><span class=\"sharing-screen-reader-text\">Fai clic per condividere su Facebook (Si apre in una nuova finestra)<\/span><\/a><\/li><li class=\"share-twitter\"><a rel=\"nofollow noopener noreferrer\" data-shared=\"sharing-twitter-1064\" class=\"share-twitter sd-button share-icon no-text\" href=\"https:\/\/www.magazinerandom.com\/mecenate\/login-register\/?share=twitter\" target=\"_blank\" title=\"Fai clic qui per condividere su Twitter\"><span><\/span><span class=\"sharing-screen-reader-text\">Fai clic qui per condividere su Twitter (Si apre in una nuova finestra)<\/span><\/a><\/li><li class=\"share-linkedin\"><a rel=\"nofollow noopener noreferrer\" data-shared=\"sharing-linkedin-1064\" class=\"share-linkedin sd-button share-icon no-text\" href=\"https:\/\/www.magazinerandom.com\/mecenate\/login-register\/?share=linkedin\" target=\"_blank\" title=\"Fai clic qui per condividere su LinkedIn\"><span><\/span><span class=\"sharing-screen-reader-text\">Fai clic qui per condividere su LinkedIn (Si apre in una nuova finestra)<\/span><\/a><\/li><li><a href=\"#\" class=\"sharing-anchor sd-button share-more\"><span>Altro<\/span><\/a><\/li><li class=\"share-end\"><\/li><\/ul><div class=\"sharing-hidden\"><div class=\"inner\" style=\"display: none;\"><ul><li class=\"share-pocket\"><a rel=\"nofollow noopener noreferrer\" data-shared=\"\" class=\"share-pocket sd-button share-icon no-text\" href=\"https:\/\/www.magazinerandom.com\/mecenate\/login-register\/?share=pocket\" target=\"_blank\" title=\"Fai clic qui per condividere su Pocket\"><span><\/span><span class=\"sharing-screen-reader-text\">Fai clic qui per condividere su Pocket (Si apre in una nuova finestra)<\/span><\/a><\/li><li class=\"share-pinterest\"><a rel=\"nofollow noopener noreferrer\" data-shared=\"sharing-pinterest-1064\" class=\"share-pinterest sd-button share-icon no-text\" href=\"https:\/\/www.magazinerandom.com\/mecenate\/login-register\/?share=pinterest\" target=\"_blank\" title=\"Fai clic qui per condividere su Pinterest\"><span><\/span><span class=\"sharing-screen-reader-text\">Fai clic qui per condividere su Pinterest (Si apre in una nuova finestra)<\/span><\/a><\/li><li class=\"share-end\"><\/li><li class=\"share-tumblr\"><a rel=\"nofollow noopener noreferrer\" data-shared=\"\" class=\"share-tumblr sd-button share-icon no-text\" href=\"https:\/\/www.magazinerandom.com\/mecenate\/login-register\/?share=tumblr\" target=\"_blank\" title=\"Fai clic qui per condividere su Tumblr\"><span><\/span><span class=\"sharing-screen-reader-text\">Fai clic qui per condividere su Tumblr (Si apre in una nuova finestra)<\/span><\/a><\/li><li class=\"share-reddit\"><a rel=\"nofollow noopener noreferrer\" data-shared=\"\" class=\"share-reddit sd-button share-icon no-text\" href=\"https:\/\/www.magazinerandom.com\/mecenate\/login-register\/?share=reddit\" target=\"_blank\" title=\"Fai clic qui per condividere su Reddit\"><span><\/span><span class=\"sharing-screen-reader-text\">Fai clic qui per condividere su Reddit (Si apre in una nuova finestra)<\/span><\/a><\/li><li class=\"share-end\"><\/li><li class=\"share-print\"><a rel=\"nofollow noopener noreferrer\" data-shared=\"\" class=\"share-print sd-button share-icon no-text\" href=\"https:\/\/www.magazinerandom.com\/mecenate\/login-register\/\" target=\"_blank\" title=\"Fai clic qui per stampare\"><span><\/span><span class=\"sharing-screen-reader-text\">Fai clic qui per stampare (Si apre in una nuova finestra)<\/span><\/a><\/li><li class=\"share-end\"><\/li><\/ul><\/div><\/div><\/div><\/div><\/div>","protected":false},"excerpt":{"rendered":"<div class=\"sharedaddy sd-sharing-enabled\"><div class=\"robots-nocontent sd-block sd-social sd-social-icon sd-sharing\"><h3 class=\"sd-title\">Condividi (Share)<\/h3><div class=\"sd-content\"><ul><li class=\"share-email\"><a rel=\"nofollow noopener noreferrer\" data-shared=\"\" class=\"share-email sd-button share-icon no-text\" href=\"https:\/\/www.magazinerandom.com\/mecenate\/login-register\/?share=email\" target=\"_blank\" title=\"Fai clic qui per inviare l'articolo via mail ad un amico\"><span><\/span><span class=\"sharing-screen-reader-text\">Fai clic qui per inviare l'articolo via mail ad un amico (Si apre in una nuova finestra)<\/span><\/a><\/li><li class=\"share-facebook\"><a rel=\"nofollow noopener noreferrer\" data-shared=\"sharing-facebook-1064\" class=\"share-facebook sd-button share-icon no-text\" href=\"https:\/\/www.magazinerandom.com\/mecenate\/login-register\/?share=facebook\" target=\"_blank\" title=\"Fai clic per condividere su Facebook\"><span><\/span><span class=\"sharing-screen-reader-text\">Fai clic per condividere su Facebook (Si apre in una nuova finestra)<\/span><\/a><\/li><li class=\"share-twitter\"><a rel=\"nofollow noopener noreferrer\" data-shared=\"sharing-twitter-1064\" class=\"share-twitter sd-button share-icon no-text\" href=\"https:\/\/www.magazinerandom.com\/mecenate\/login-register\/?share=twitter\" target=\"_blank\" title=\"Fai clic qui per condividere su Twitter\"><span><\/span><span class=\"sharing-screen-reader-text\">Fai clic qui per condividere su Twitter (Si apre in una nuova finestra)<\/span><\/a><\/li><li class=\"share-linkedin\"><a rel=\"nofollow noopener noreferrer\" data-shared=\"sharing-linkedin-1064\" class=\"share-linkedin sd-button share-icon no-text\" href=\"https:\/\/www.magazinerandom.com\/mecenate\/login-register\/?share=linkedin\" target=\"_blank\" title=\"Fai clic qui per condividere su LinkedIn\"><span><\/span><span class=\"sharing-screen-reader-text\">Fai clic qui per condividere su LinkedIn (Si apre in una nuova finestra)<\/span><\/a><\/li><li><a href=\"#\" class=\"sharing-anchor sd-button share-more\"><span>Altro<\/span><\/a><\/li><li class=\"share-end\"><\/li><\/ul><div class=\"sharing-hidden\"><div class=\"inner\" style=\"display: none;\"><ul><li class=\"share-pocket\"><a rel=\"nofollow noopener noreferrer\" data-shared=\"\" class=\"share-pocket sd-button share-icon no-text\" href=\"https:\/\/www.magazinerandom.com\/mecenate\/login-register\/?share=pocket\" target=\"_blank\" title=\"Fai clic qui per condividere su Pocket\"><span><\/span><span class=\"sharing-screen-reader-text\">Fai clic qui per condividere su Pocket (Si apre in una nuova finestra)<\/span><\/a><\/li><li class=\"share-pinterest\"><a rel=\"nofollow noopener noreferrer\" data-shared=\"sharing-pinterest-1064\" class=\"share-pinterest sd-button share-icon no-text\" href=\"https:\/\/www.magazinerandom.com\/mecenate\/login-register\/?share=pinterest\" target=\"_blank\" title=\"Fai clic qui per condividere su Pinterest\"><span><\/span><span class=\"sharing-screen-reader-text\">Fai clic qui per condividere su Pinterest (Si apre in una nuova finestra)<\/span><\/a><\/li><li class=\"share-end\"><\/li><li class=\"share-tumblr\"><a rel=\"nofollow noopener noreferrer\" data-shared=\"\" class=\"share-tumblr sd-button share-icon no-text\" href=\"https:\/\/www.magazinerandom.com\/mecenate\/login-register\/?share=tumblr\" target=\"_blank\" title=\"Fai clic qui per condividere su Tumblr\"><span><\/span><span class=\"sharing-screen-reader-text\">Fai clic qui per condividere su Tumblr (Si apre in una nuova finestra)<\/span><\/a><\/li><li class=\"share-reddit\"><a rel=\"nofollow noopener noreferrer\" data-shared=\"\" class=\"share-reddit sd-button share-icon no-text\" href=\"https:\/\/www.magazinerandom.com\/mecenate\/login-register\/?share=reddit\" target=\"_blank\" title=\"Fai clic qui per condividere su Reddit\"><span><\/span><span class=\"sharing-screen-reader-text\">Fai clic qui per condividere su Reddit (Si apre in una nuova finestra)<\/span><\/a><\/li><li class=\"share-end\"><\/li><li class=\"share-print\"><a rel=\"nofollow noopener noreferrer\" data-shared=\"\" class=\"share-print sd-button share-icon no-text\" href=\"https:\/\/www.magazinerandom.com\/mecenate\/login-register\/\" target=\"_blank\" title=\"Fai clic qui per stampare\"><span><\/span><span class=\"sharing-screen-reader-text\">Fai clic qui per stampare (Si apre in una nuova finestra)<\/span><\/a><\/li><li class=\"share-end\"><\/li><\/ul><\/div><\/div><\/div><\/div><\/div>","protected":false},"author":2,"featured_media":0,"parent":0,"menu_order":0,"comment_status":"closed","ping_status":"closed","template":"","meta":{"spay_email":"","footnotes":""},"class_list":["post-1064","page","type-page","status-publish","hentry"],"jetpack_sharing_enabled":true,"jetpack-related-posts":[{"id":521,"url":"https:\/\/www.magazinerandom.com\/mecenate\/login\/","url_meta":{"origin":1064,"position":0},"title":"Login","date":"8 Aprile 2013","format":false,"excerpt":"","rel":"","context":"Articolo simile","img":{"alt_text":"","src":"","width":0,"height":0},"classes":[]},{"id":529,"url":"https:\/\/www.magazinerandom.com\/mecenate\/register\/","url_meta":{"origin":1064,"position":1},"title":"Register","date":"22 Aprile 2013","format":false,"excerpt":"","rel":"","context":"Articolo simile","img":{"alt_text":"","src":"","width":0,"height":0},"classes":[]},{"id":1540,"url":"https:\/\/www.magazinerandom.com\/mecenate\/privacy\/","url_meta":{"origin":1064,"position":2},"title":"Privacy","date":"11 Settembre 2014","format":false,"excerpt":"Let's make it easy. Data is collected and maintained in Italy.\u00a0 To offer you the choice to organize a fundraising, to share and promote it with your networks, to manage your project, we thought to build Mecenate as it is. We do not send data to any advertising agencies searching\u2026","rel":"","context":"Articolo simile","img":{"alt_text":"","src":"","width":0,"height":0},"classes":[]},{"id":1321,"url":"https:\/\/www.magazinerandom.com\/mecenate\/come-fare\/","url_meta":{"origin":1064,"position":3},"title":"Come fare","date":"2 Settembre 2014","format":false,"excerpt":"SOSTIENI PROGETTI SELEZIONATI D'ARTE E CULTURA Il mecenatismo \u00e8 sempre stato alla base della possibilit\u00e0 di realizzare progetti pi\u00f9 o meno ambiziosi. Nella nostra societ\u00e0 non occorre essere dei magnati per fare un'azione pi\u00f9 che mai necessaria: sostenere arte e cultura. In Italia abbiamo bisogno di esempi. La convinzione che\u2026","rel":"","context":"Articolo simile","img":{"alt_text":"","src":"","width":0,"height":0},"classes":[]}],"jetpack_likes_enabled":false,"_links":{"self":[{"href":"https:\/\/www.magazinerandom.com\/mecenate\/wp-json\/wp\/v2\/pages\/1064","targetHints":{"allow":["GET"]}}],"collection":[{"href":"https:\/\/www.magazinerandom.com\/mecenate\/wp-json\/wp\/v2\/pages"}],"about":[{"href":"https:\/\/www.magazinerandom.com\/mecenate\/wp-json\/wp\/v2\/types\/page"}],"author":[{"embeddable":true,"href":"https:\/\/www.magazinerandom.com\/mecenate\/wp-json\/wp\/v2\/users\/2"}],"replies":[{"embeddable":true,"href":"https:\/\/www.magazinerandom.com\/mecenate\/wp-json\/wp\/v2\/comments?post=1064"}],"version-history":[{"count":2,"href":"https:\/\/www.magazinerandom.com\/mecenate\/wp-json\/wp\/v2\/pages\/1064\/revisions"}],"predecessor-version":[{"id":1081,"href":"https:\/\/www.magazinerandom.com\/mecenate\/wp-json\/wp\/v2\/pages\/1064\/revisions\/1081"}],"wp:attachment":[{"href":"https:\/\/www.magazinerandom.com\/mecenate\/wp-json\/wp\/v2\/media?parent=1064"}],"curies":[{"name":"wp","href":"https:\/\/api.w.org\/{rel}","templated":true}]}}