{"id":1102,"date":"2014-07-16T17:21:55","date_gmt":"2014-07-16T15:21:55","guid":{"rendered":"http:\/\/www.magazinerandom.com\/mecenate\/?page_id=1102"},"modified":"2014-12-08T09:38:32","modified_gmt":"2014-12-08T08:38:32","slug":"progetto","status":"publish","type":"page","link":"https:\/\/www.magazinerandom.com\/mecenate\/progetto\/","title":{"rendered":"Che cos&#8217;\u00e8 Mecenate?"},"content":{"rendered":"<p>Grande passione per l\u2019arte, lo spettacolo dal vivo, per il mantenimento e la tutela dei beni culturali che fanno dell&#8217;Italia un paese unico al mondo: questo \u00e8 il motore che gira alla base di Mecenate.<\/p>\n<p>Quante volte ci siamo trovati davanti a un bel progetto, meritevole di essere finanziato?<br \/>\nQuante volte abbiamo sentito dire &#8220;in Italia non ci sono abbastanza fondi per la cultura&#8221;?<br \/>\nMecenate \u00e8 la continuazione ideale di Magazine Random, il portale informativo dove chiunque pu\u00f2 accreditarsi, scrivere e divulgare i propri articoli.<\/p>\n<p>L\u2019idea di arricchire il Magazine con una sezione apposita di raccolta fondi (crowdfunding) per l&#8217;arte e la cultura italiana, nasce dalla convinzione che &#8220;piccolo \u00e8 meglio&#8221;. Non occorrono grandi cifre per rendere possibili piccoli e grandi progetti. Se l&#8217;idea \u00e8 buona o l&#8217;iniziativa meritevole, anche un piccolo contributo potr\u00e0 fare la differenza tra cura e abbandono, realizzazione o chiusura.<\/p>\n<p>Investire in Arte, Spettacolo, Cultura, significa creare nuove possibilit\u00e0, incentivare buone pratiche, valorizzare beni e territori, sostenere posti di lavoro altamente specializzati.<br \/>\nMecenate \u00e8 lo strumento adatto per tutto questo.<\/p>\n<p>Il crowdfunding, ovvero la raccolta fondi, \u00e8 fatta da soggetti privati che in cambio riceveranno una forma di ricompensa proposta da chi ha ideato la campagna, il singolo progetto.<br \/>\nSi possono leggere le informazioni e i dettagli inseriti dai curatori di ogni singolo progetto, e decidere di fare una donazione, di sostenerli, spesso di renderli possibili.<\/p>\n<p>Ci si pu\u00f2 iscrivere gratuitamente e proporre l&#8217;inserimento di un progetto da sostenere, nei settori dell&#8217;arte, dello spettacolo, della tutela di beni culturali e delle tradizioni locali, del recupero e del restauro, della valorizzazione di aree archeologiche o naturalistiche. Il costo di Mecenate \u00e8 sostenuto da una piccola percentuale sull\u2019importo totale raccolto per ogni progetto.<br \/>\nSe non hai il tempo o le competenze tecniche per inserire un progetto, <a title=\"Contact\" href=\"http:\/\/www.magazinerandom.com\/mecenate\/contact\/\">contattaci<\/a>. Faremo il lavoro per te.<\/p>\n<p>Nato da un progetto pluriennale di condivisione della cultura e delle arti, Mecenate \u00e8 un sito di crowdfunding, lo strumento ideale per far incontrare domanda e offerta.<\/p>\n<p><img loading=\"lazy\" decoding=\"async\" data-attachment-id=\"1758\" data-permalink=\"https:\/\/www.magazinerandom.com\/mecenate\/progetto\/mecenate_categorie\/\" data-orig-file=\"https:\/\/www.magazinerandom.com\/mecenate\/contenuti\/uploads\/2014\/12\/mecenate_categorie.png\" data-orig-size=\"225,193\" data-comments-opened=\"1\" data-image-meta=\"{&quot;aperture&quot;:&quot;0&quot;,&quot;credit&quot;:&quot;&quot;,&quot;camera&quot;:&quot;&quot;,&quot;caption&quot;:&quot;&quot;,&quot;created_timestamp&quot;:&quot;0&quot;,&quot;copyright&quot;:&quot;&quot;,&quot;focal_length&quot;:&quot;0&quot;,&quot;iso&quot;:&quot;0&quot;,&quot;shutter_speed&quot;:&quot;0&quot;,&quot;title&quot;:&quot;&quot;,&quot;orientation&quot;:&quot;0&quot;}\" data-image-title=\"mecenate_categorie\" data-image-description=\"\" data-medium-file=\"https:\/\/www.magazinerandom.com\/mecenate\/contenuti\/uploads\/2014\/12\/mecenate_categorie.png\" data-large-file=\"https:\/\/www.magazinerandom.com\/mecenate\/contenuti\/uploads\/2014\/12\/mecenate_categorie.png\" class=\"alignnone size-full wp-image-1758\" src=\"http:\/\/www.magazinerandom.com\/mecenate\/contenuti\/uploads\/2014\/12\/mecenate_categorie.png\" alt=\"mecenate_categorie\" width=\"225\" height=\"193\" srcset=\"https:\/\/www.magazinerandom.com\/mecenate\/contenuti\/uploads\/2014\/12\/mecenate_categorie.png 225w, https:\/\/www.magazinerandom.com\/mecenate\/contenuti\/uploads\/2014\/12\/mecenate_categorie-150x128.png 150w\" sizes=\"auto, (max-width: 225px) 100vw, 225px\" \/><img loading=\"lazy\" decoding=\"async\" data-attachment-id=\"1757\" data-permalink=\"https:\/\/www.magazinerandom.com\/mecenate\/progetto\/mecenate_categorie_2\/\" data-orig-file=\"https:\/\/www.magazinerandom.com\/mecenate\/contenuti\/uploads\/2014\/12\/mecenate_categorie_2.png\" data-orig-size=\"230,193\" data-comments-opened=\"1\" data-image-meta=\"{&quot;aperture&quot;:&quot;0&quot;,&quot;credit&quot;:&quot;&quot;,&quot;camera&quot;:&quot;&quot;,&quot;caption&quot;:&quot;&quot;,&quot;created_timestamp&quot;:&quot;0&quot;,&quot;copyright&quot;:&quot;&quot;,&quot;focal_length&quot;:&quot;0&quot;,&quot;iso&quot;:&quot;0&quot;,&quot;shutter_speed&quot;:&quot;0&quot;,&quot;title&quot;:&quot;&quot;,&quot;orientation&quot;:&quot;0&quot;}\" data-image-title=\"mecenate_categorie_2\" data-image-description=\"\" data-medium-file=\"https:\/\/www.magazinerandom.com\/mecenate\/contenuti\/uploads\/2014\/12\/mecenate_categorie_2.png\" data-large-file=\"https:\/\/www.magazinerandom.com\/mecenate\/contenuti\/uploads\/2014\/12\/mecenate_categorie_2.png\" class=\"alignnone size-full wp-image-1757\" src=\"http:\/\/www.magazinerandom.com\/mecenate\/contenuti\/uploads\/2014\/12\/mecenate_categorie_2.png\" alt=\"mecenate_categorie_2\" width=\"230\" height=\"193\" srcset=\"https:\/\/www.magazinerandom.com\/mecenate\/contenuti\/uploads\/2014\/12\/mecenate_categorie_2.png 230w, https:\/\/www.magazinerandom.com\/mecenate\/contenuti\/uploads\/2014\/12\/mecenate_categorie_2-150x125.png 150w\" sizes=\"auto, (max-width: 230px) 100vw, 230px\" \/><\/p>\n<p>Prodotto da <a title=\"Magazine Random\" href=\"http:\/\/www.magazinerandom.com\/\" target=\"_blank\">MagazineRandom.com<\/a><\/p>\n<p><code><div class=\"banner_wrapper\" style=\"\"><div class=\"banner  banner-1477 has_cta legacy_cta_position bottom vert custom-banners-theme-default_style\" style=\"\"><img loading=\"lazy\" decoding=\"async\" width=\"1024\" height=\"683\" src=\"https:\/\/www.magazinerandom.com\/mecenate\/contenuti\/uploads\/2013\/02\/4701666826_fdea0d4c61_b.jpg\" class=\"attachment-full size-full\" alt=\"\" srcset=\"https:\/\/www.magazinerandom.com\/mecenate\/contenuti\/uploads\/2013\/02\/4701666826_fdea0d4c61_b.jpg 1024w, https:\/\/www.magazinerandom.com\/mecenate\/contenuti\/uploads\/2013\/02\/4701666826_fdea0d4c61_b-300x200.jpg 300w, https:\/\/www.magazinerandom.com\/mecenate\/contenuti\/uploads\/2013\/02\/4701666826_fdea0d4c61_b-253x168.jpg 253w\" sizes=\"auto, (max-width: 1024px) 100vw, 1024px\" data-attachment-id=\"192\" data-permalink=\"https:\/\/www.magazinerandom.com\/mecenate\/4701666826_fdea0d4c61_b\/\" data-orig-file=\"https:\/\/www.magazinerandom.com\/mecenate\/contenuti\/uploads\/2013\/02\/4701666826_fdea0d4c61_b.jpg\" data-orig-size=\"1024,683\" data-comments-opened=\"1\" data-image-meta=\"{&quot;aperture&quot;:&quot;0&quot;,&quot;credit&quot;:&quot;&quot;,&quot;camera&quot;:&quot;&quot;,&quot;caption&quot;:&quot;&quot;,&quot;created_timestamp&quot;:&quot;0&quot;,&quot;copyright&quot;:&quot;&quot;,&quot;focal_length&quot;:&quot;0&quot;,&quot;iso&quot;:&quot;0&quot;,&quot;shutter_speed&quot;:&quot;0&quot;,&quot;title&quot;:&quot;&quot;}\" data-image-title=\"4701666826_fdea0d4c61_b\" data-image-description=\"\" data-medium-file=\"https:\/\/www.magazinerandom.com\/mecenate\/contenuti\/uploads\/2013\/02\/4701666826_fdea0d4c61_b-300x200.jpg\" data-large-file=\"https:\/\/www.magazinerandom.com\/mecenate\/contenuti\/uploads\/2013\/02\/4701666826_fdea0d4c61_b.jpg\" \/><a class=\"custom_banners_big_link\"  href=\"http:\/\/www.magazinerandom.com\/mecenate\/campaigns\/progetto-esempio-istruzioni\/\"><\/a><div class=\"banner_caption\" style=\"\"><div class=\"banner_call_to_action\"><a href=\"http:\/\/www.magazinerandom.com\/mecenate\/campaigns\/progetto-esempio-istruzioni\/\"  class=\"banner_btn_cta\" style=\"\">Demo Random project<\/a><\/div><div class=\"banner_caption_inner\"><div class=\"banner_caption_text\" style=\"\"><\/div><\/div><\/div><\/div><\/div><\/code><\/p>\n<div class=\"sharedaddy sd-sharing-enabled\"><div class=\"robots-nocontent sd-block sd-social sd-social-icon sd-sharing\"><h3 class=\"sd-title\">Condividi (Share)<\/h3><div class=\"sd-content\"><ul><li class=\"share-email\"><a rel=\"nofollow noopener noreferrer\" data-shared=\"\" class=\"share-email sd-button share-icon no-text\" href=\"https:\/\/www.magazinerandom.com\/mecenate\/progetto\/?share=email\" target=\"_blank\" title=\"Fai clic qui per inviare l'articolo via mail ad un amico\"><span><\/span><span class=\"sharing-screen-reader-text\">Fai clic qui per inviare l'articolo via mail ad un amico (Si apre in una nuova finestra)<\/span><\/a><\/li><li class=\"share-facebook\"><a rel=\"nofollow noopener noreferrer\" data-shared=\"sharing-facebook-1102\" class=\"share-facebook sd-button share-icon no-text\" href=\"https:\/\/www.magazinerandom.com\/mecenate\/progetto\/?share=facebook\" target=\"_blank\" title=\"Fai clic per condividere su Facebook\"><span><\/span><span class=\"sharing-screen-reader-text\">Fai clic per condividere su Facebook (Si apre in una nuova finestra)<\/span><\/a><\/li><li class=\"share-twitter\"><a rel=\"nofollow noopener noreferrer\" data-shared=\"sharing-twitter-1102\" class=\"share-twitter sd-button share-icon no-text\" href=\"https:\/\/www.magazinerandom.com\/mecenate\/progetto\/?share=twitter\" target=\"_blank\" title=\"Fai clic qui per condividere su Twitter\"><span><\/span><span class=\"sharing-screen-reader-text\">Fai clic qui per condividere su Twitter (Si apre in una nuova finestra)<\/span><\/a><\/li><li class=\"share-linkedin\"><a rel=\"nofollow noopener noreferrer\" data-shared=\"sharing-linkedin-1102\" class=\"share-linkedin sd-button share-icon no-text\" href=\"https:\/\/www.magazinerandom.com\/mecenate\/progetto\/?share=linkedin\" target=\"_blank\" title=\"Fai clic qui per condividere su LinkedIn\"><span><\/span><span class=\"sharing-screen-reader-text\">Fai clic qui per condividere su LinkedIn (Si apre in una nuova finestra)<\/span><\/a><\/li><li><a href=\"#\" class=\"sharing-anchor sd-button share-more\"><span>Altro<\/span><\/a><\/li><li class=\"share-end\"><\/li><\/ul><div class=\"sharing-hidden\"><div class=\"inner\" style=\"display: none;\"><ul><li class=\"share-pocket\"><a rel=\"nofollow noopener noreferrer\" data-shared=\"\" class=\"share-pocket sd-button share-icon no-text\" href=\"https:\/\/www.magazinerandom.com\/mecenate\/progetto\/?share=pocket\" target=\"_blank\" title=\"Fai clic qui per condividere su Pocket\"><span><\/span><span class=\"sharing-screen-reader-text\">Fai clic qui per condividere su Pocket (Si apre in una nuova finestra)<\/span><\/a><\/li><li class=\"share-pinterest\"><a rel=\"nofollow noopener noreferrer\" data-shared=\"sharing-pinterest-1102\" class=\"share-pinterest sd-button share-icon no-text\" href=\"https:\/\/www.magazinerandom.com\/mecenate\/progetto\/?share=pinterest\" target=\"_blank\" title=\"Fai clic qui per condividere su Pinterest\"><span><\/span><span class=\"sharing-screen-reader-text\">Fai clic qui per condividere su Pinterest (Si apre in una nuova finestra)<\/span><\/a><\/li><li class=\"share-end\"><\/li><li class=\"share-tumblr\"><a rel=\"nofollow noopener noreferrer\" data-shared=\"\" class=\"share-tumblr sd-button share-icon no-text\" href=\"https:\/\/www.magazinerandom.com\/mecenate\/progetto\/?share=tumblr\" target=\"_blank\" title=\"Fai clic qui per condividere su Tumblr\"><span><\/span><span class=\"sharing-screen-reader-text\">Fai clic qui per condividere su Tumblr (Si apre in una nuova finestra)<\/span><\/a><\/li><li class=\"share-reddit\"><a rel=\"nofollow noopener noreferrer\" data-shared=\"\" class=\"share-reddit sd-button share-icon no-text\" href=\"https:\/\/www.magazinerandom.com\/mecenate\/progetto\/?share=reddit\" target=\"_blank\" title=\"Fai clic qui per condividere su Reddit\"><span><\/span><span class=\"sharing-screen-reader-text\">Fai clic qui per condividere su Reddit (Si apre in una nuova finestra)<\/span><\/a><\/li><li class=\"share-end\"><\/li><li class=\"share-print\"><a rel=\"nofollow noopener noreferrer\" data-shared=\"\" class=\"share-print sd-button share-icon no-text\" href=\"https:\/\/www.magazinerandom.com\/mecenate\/progetto\/\" target=\"_blank\" title=\"Fai clic qui per stampare\"><span><\/span><span class=\"sharing-screen-reader-text\">Fai clic qui per stampare (Si apre in una nuova finestra)<\/span><\/a><\/li><li class=\"share-end\"><\/li><\/ul><\/div><\/div><\/div><\/div><\/div>","protected":false},"excerpt":{"rendered":"<p>Grande passione per l\u2019arte, lo spettacolo dal vivo, per il mantenimento e la tutela dei beni culturali che fanno dell&#8217;Italia [&hellip;]<\/p>\n<div class=\"sharedaddy sd-sharing-enabled\"><div class=\"robots-nocontent sd-block sd-social sd-social-icon sd-sharing\"><h3 class=\"sd-title\">Condividi (Share)<\/h3><div class=\"sd-content\"><ul><li class=\"share-email\"><a rel=\"nofollow noopener noreferrer\" data-shared=\"\" class=\"share-email sd-button share-icon no-text\" href=\"https:\/\/www.magazinerandom.com\/mecenate\/progetto\/?share=email\" target=\"_blank\" title=\"Fai clic qui per inviare l'articolo via mail ad un amico\"><span><\/span><span class=\"sharing-screen-reader-text\">Fai clic qui per inviare l'articolo via mail ad un amico (Si apre in una nuova finestra)<\/span><\/a><\/li><li class=\"share-facebook\"><a rel=\"nofollow noopener noreferrer\" data-shared=\"sharing-facebook-1102\" class=\"share-facebook sd-button share-icon no-text\" href=\"https:\/\/www.magazinerandom.com\/mecenate\/progetto\/?share=facebook\" target=\"_blank\" title=\"Fai clic per condividere su Facebook\"><span><\/span><span class=\"sharing-screen-reader-text\">Fai clic per condividere su Facebook (Si apre in una nuova finestra)<\/span><\/a><\/li><li class=\"share-twitter\"><a rel=\"nofollow noopener noreferrer\" data-shared=\"sharing-twitter-1102\" class=\"share-twitter sd-button share-icon no-text\" href=\"https:\/\/www.magazinerandom.com\/mecenate\/progetto\/?share=twitter\" target=\"_blank\" title=\"Fai clic qui per condividere su Twitter\"><span><\/span><span class=\"sharing-screen-reader-text\">Fai clic qui per condividere su Twitter (Si apre in una nuova finestra)<\/span><\/a><\/li><li class=\"share-linkedin\"><a rel=\"nofollow noopener noreferrer\" data-shared=\"sharing-linkedin-1102\" class=\"share-linkedin sd-button share-icon no-text\" href=\"https:\/\/www.magazinerandom.com\/mecenate\/progetto\/?share=linkedin\" target=\"_blank\" title=\"Fai clic qui per condividere su LinkedIn\"><span><\/span><span class=\"sharing-screen-reader-text\">Fai clic qui per condividere su LinkedIn (Si apre in una nuova finestra)<\/span><\/a><\/li><li><a href=\"#\" class=\"sharing-anchor sd-button share-more\"><span>Altro<\/span><\/a><\/li><li class=\"share-end\"><\/li><\/ul><div class=\"sharing-hidden\"><div class=\"inner\" style=\"display: none;\"><ul><li class=\"share-pocket\"><a rel=\"nofollow noopener noreferrer\" data-shared=\"\" class=\"share-pocket sd-button share-icon no-text\" href=\"https:\/\/www.magazinerandom.com\/mecenate\/progetto\/?share=pocket\" target=\"_blank\" title=\"Fai clic qui per condividere su Pocket\"><span><\/span><span class=\"sharing-screen-reader-text\">Fai clic qui per condividere su Pocket (Si apre in una nuova finestra)<\/span><\/a><\/li><li class=\"share-pinterest\"><a rel=\"nofollow noopener noreferrer\" data-shared=\"sharing-pinterest-1102\" class=\"share-pinterest sd-button share-icon no-text\" href=\"https:\/\/www.magazinerandom.com\/mecenate\/progetto\/?share=pinterest\" target=\"_blank\" title=\"Fai clic qui per condividere su Pinterest\"><span><\/span><span class=\"sharing-screen-reader-text\">Fai clic qui per condividere su Pinterest (Si apre in una nuova finestra)<\/span><\/a><\/li><li class=\"share-end\"><\/li><li class=\"share-tumblr\"><a rel=\"nofollow noopener noreferrer\" data-shared=\"\" class=\"share-tumblr sd-button share-icon no-text\" href=\"https:\/\/www.magazinerandom.com\/mecenate\/progetto\/?share=tumblr\" target=\"_blank\" title=\"Fai clic qui per condividere su Tumblr\"><span><\/span><span class=\"sharing-screen-reader-text\">Fai clic qui per condividere su Tumblr (Si apre in una nuova finestra)<\/span><\/a><\/li><li class=\"share-reddit\"><a rel=\"nofollow noopener noreferrer\" data-shared=\"\" class=\"share-reddit sd-button share-icon no-text\" href=\"https:\/\/www.magazinerandom.com\/mecenate\/progetto\/?share=reddit\" target=\"_blank\" title=\"Fai clic qui per condividere su Reddit\"><span><\/span><span class=\"sharing-screen-reader-text\">Fai clic qui per condividere su Reddit (Si apre in una nuova finestra)<\/span><\/a><\/li><li class=\"share-end\"><\/li><li class=\"share-print\"><a rel=\"nofollow noopener noreferrer\" data-shared=\"\" class=\"share-print sd-button share-icon no-text\" href=\"https:\/\/www.magazinerandom.com\/mecenate\/progetto\/\" target=\"_blank\" title=\"Fai clic qui per stampare\"><span><\/span><span class=\"sharing-screen-reader-text\">Fai clic qui per stampare (Si apre in una nuova finestra)<\/span><\/a><\/li><li class=\"share-end\"><\/li><\/ul><\/div><\/div><\/div><\/div><\/div>","protected":false},"author":2,"featured_media":0,"parent":0,"menu_order":0,"comment_status":"closed","ping_status":"open","template":"","meta":{"spay_email":"","footnotes":""},"class_list":["post-1102","page","type-page","status-publish","hentry"],"jetpack_sharing_enabled":true,"jetpack-related-posts":[{"id":1321,"url":"https:\/\/www.magazinerandom.com\/mecenate\/come-fare\/","url_meta":{"origin":1102,"position":0},"title":"Come fare","date":"2 Settembre 2014","format":false,"excerpt":"SOSTIENI PROGETTI SELEZIONATI D'ARTE E CULTURA Il mecenatismo \u00e8 sempre stato alla base della possibilit\u00e0 di realizzare progetti pi\u00f9 o meno ambiziosi. Nella nostra societ\u00e0 non occorre essere dei magnati per fare un'azione pi\u00f9 che mai necessaria: sostenere arte e cultura. In Italia abbiamo bisogno di esempi. La convinzione che\u2026","rel":"","context":"Articolo simile","img":{"alt_text":"","src":"","width":0,"height":0},"classes":[]},{"id":1548,"url":"https:\/\/www.magazinerandom.com\/mecenate\/sostieni-mecenate\/","url_meta":{"origin":1102,"position":1},"title":"Sostieni Mecenate","date":"11 Settembre 2014","format":false,"excerpt":"COME SOSTENERE MECENATE Sostenere Mecenate significa sostenere Arte e Cultura. Si fa un gran parlare di arte in Italia, ma la storia recente del nostro paese dimostra che si tratta di chiacchiere. Eppure \u00e8 alla nostra cultura di base che dobbiamo quel credito che abbiamo nel mondo. Se vuoi sostenere\u2026","rel":"","context":"Articolo simile","img":{"alt_text":"","src":"","width":0,"height":0},"classes":[]},{"id":501,"url":"https:\/\/www.magazinerandom.com\/mecenate\/termini-e-condizioni\/faq\/","url_meta":{"origin":1102,"position":2},"title":"FAQ","date":"24 Marzo 2013","format":false,"excerpt":"Cosa c'\u00e8 da sapere 1. Come promuovo il mio progetto? 2. Come faccio a sostenere un progetto? 3. Le informazioni personali sono confidenziali? 4. Che tipo di progetti trovo su Mecenate? 5. Si paga per inserire un progetto? 6. Come posso aiutare i proprietari dei progetti? 7. Come posso aiutare\u2026","rel":"","context":"Articolo simile","img":{"alt_text":"","src":"https:\/\/i1.wp.com\/www.magazinerandom.com\/mecenate\/contenuti\/uploads\/2014\/09\/paypal-300x226.png?resize=350%2C200","width":350,"height":200},"classes":[]},{"id":1411,"url":"https:\/\/www.magazinerandom.com\/mecenate\/come-attivare-un-progetto\/","url_meta":{"origin":1102,"position":3},"title":"Come attivare un Progetto","date":"3 Settembre 2014","format":false,"excerpt":"Se visualizzi questa pagina hai ricevuto le tue credenziali per essere accreditato su Mecenate. Adesso passiamo all'inserimento della tua campagna di ricerca fondi. COME FARE Attivare un progetto \u00e9 semplice. Controlla che il tuo progetto rientri nelle aree previste da Mecenate. Contattaci. Cerca di essere il pi\u00f9 possibile esaustivo, raccontaci\u2026","rel":"","context":"Articolo simile","img":{"alt_text":"","src":"","width":0,"height":0},"classes":[]},{"id":5,"url":"https:\/\/www.magazinerandom.com\/mecenate\/cassa\/conferma\/","url_meta":{"origin":1102,"position":4},"title":"Donazione confermata","date":"27 Luglio 2014","format":false,"excerpt":"Grazie per il tuo contributo!","rel":"","context":"Articolo simile","img":{"alt_text":"","src":"","width":0,"height":0},"classes":[]},{"id":1269,"url":"https:\/\/www.magazinerandom.com\/mecenate\/contatti\/","url_meta":{"origin":1102,"position":5},"title":"Promuovi","date":"28 Agosto 2014","format":false,"excerpt":"Per promuovere un progetto su Mecenate Compila i campi seguenti e invia il tuo messaggio Tutti i tuoi contenuti su Magazine Random clicca qui Magazine Random su Facebook Pagina Facebook Studio Grafico Atelier Hermes Magazine Random \u00e8 un progetto sostenuto da Studi d'Arte Associati www.hermesartstudios.com Studi Associati \u00e8 anche su\u2026","rel":"","context":"Articolo simile","img":{"alt_text":"","src":"","width":0,"height":0},"classes":[]}],"jetpack_likes_enabled":false,"_links":{"self":[{"href":"https:\/\/www.magazinerandom.com\/mecenate\/wp-json\/wp\/v2\/pages\/1102","targetHints":{"allow":["GET"]}}],"collection":[{"href":"https:\/\/www.magazinerandom.com\/mecenate\/wp-json\/wp\/v2\/pages"}],"about":[{"href":"https:\/\/www.magazinerandom.com\/mecenate\/wp-json\/wp\/v2\/types\/page"}],"author":[{"embeddable":true,"href":"https:\/\/www.magazinerandom.com\/mecenate\/wp-json\/wp\/v2\/users\/2"}],"replies":[{"embeddable":true,"href":"https:\/\/www.magazinerandom.com\/mecenate\/wp-json\/wp\/v2\/comments?post=1102"}],"version-history":[{"count":13,"href":"https:\/\/www.magazinerandom.com\/mecenate\/wp-json\/wp\/v2\/pages\/1102\/revisions"}],"predecessor-version":[{"id":1759,"href":"https:\/\/www.magazinerandom.com\/mecenate\/wp-json\/wp\/v2\/pages\/1102\/revisions\/1759"}],"wp:attachment":[{"href":"https:\/\/www.magazinerandom.com\/mecenate\/wp-json\/wp\/v2\/media?parent=1102"}],"curies":[{"name":"wp","href":"https:\/\/api.w.org\/{rel}","templated":true}]}}