{"id":1130,"date":"2014-08-16T19:26:04","date_gmt":"2014-08-16T17:26:04","guid":{"rendered":"http:\/\/www.magazinerandom.com\/mecenate\/?page_id=1130"},"modified":"2014-09-03T14:30:08","modified_gmt":"2014-09-03T12:30:08","slug":"ultimi-inserimenti","status":"publish","type":"page","link":"https:\/\/www.magazinerandom.com\/mecenate\/ultimi-inserimenti\/","title":{"rendered":"Ultimi Progetti Inseriti"},"content":{"rendered":"<div class=\"sharedaddy sd-sharing-enabled\"><div class=\"robots-nocontent sd-block sd-social sd-social-icon sd-sharing\"><h3 class=\"sd-title\">Condividi (Share)<\/h3><div class=\"sd-content\"><ul><li class=\"share-email\"><a rel=\"nofollow noopener noreferrer\" data-shared=\"\" class=\"share-email sd-button share-icon no-text\" href=\"https:\/\/www.magazinerandom.com\/mecenate\/ultimi-inserimenti\/?share=email\" target=\"_blank\" title=\"Fai clic qui per inviare l'articolo via mail ad un amico\"><span><\/span><span class=\"sharing-screen-reader-text\">Fai clic qui per inviare l'articolo via mail ad un amico (Si apre in una nuova finestra)<\/span><\/a><\/li><li class=\"share-facebook\"><a rel=\"nofollow noopener noreferrer\" data-shared=\"sharing-facebook-1130\" class=\"share-facebook sd-button share-icon no-text\" href=\"https:\/\/www.magazinerandom.com\/mecenate\/ultimi-inserimenti\/?share=facebook\" target=\"_blank\" title=\"Fai clic per condividere su Facebook\"><span><\/span><span class=\"sharing-screen-reader-text\">Fai clic per condividere su Facebook (Si apre in una nuova finestra)<\/span><\/a><\/li><li class=\"share-twitter\"><a rel=\"nofollow noopener noreferrer\" data-shared=\"sharing-twitter-1130\" class=\"share-twitter sd-button share-icon no-text\" href=\"https:\/\/www.magazinerandom.com\/mecenate\/ultimi-inserimenti\/?share=twitter\" target=\"_blank\" title=\"Fai clic qui per condividere su Twitter\"><span><\/span><span class=\"sharing-screen-reader-text\">Fai clic qui per condividere su Twitter (Si apre in una nuova finestra)<\/span><\/a><\/li><li class=\"share-linkedin\"><a rel=\"nofollow noopener noreferrer\" data-shared=\"sharing-linkedin-1130\" class=\"share-linkedin sd-button share-icon no-text\" href=\"https:\/\/www.magazinerandom.com\/mecenate\/ultimi-inserimenti\/?share=linkedin\" target=\"_blank\" title=\"Fai clic qui per condividere su LinkedIn\"><span><\/span><span class=\"sharing-screen-reader-text\">Fai clic qui per condividere su LinkedIn (Si apre in una nuova finestra)<\/span><\/a><\/li><li><a href=\"#\" class=\"sharing-anchor sd-button share-more\"><span>Altro<\/span><\/a><\/li><li class=\"share-end\"><\/li><\/ul><div class=\"sharing-hidden\"><div class=\"inner\" style=\"display: none;\"><ul><li class=\"share-pocket\"><a rel=\"nofollow noopener noreferrer\" data-shared=\"\" class=\"share-pocket sd-button share-icon no-text\" href=\"https:\/\/www.magazinerandom.com\/mecenate\/ultimi-inserimenti\/?share=pocket\" target=\"_blank\" title=\"Fai clic qui per condividere su Pocket\"><span><\/span><span class=\"sharing-screen-reader-text\">Fai clic qui per condividere su Pocket (Si apre in una nuova finestra)<\/span><\/a><\/li><li class=\"share-pinterest\"><a rel=\"nofollow noopener noreferrer\" data-shared=\"sharing-pinterest-1130\" class=\"share-pinterest sd-button share-icon no-text\" href=\"https:\/\/www.magazinerandom.com\/mecenate\/ultimi-inserimenti\/?share=pinterest\" target=\"_blank\" title=\"Fai clic qui per condividere su Pinterest\"><span><\/span><span class=\"sharing-screen-reader-text\">Fai clic qui per condividere su Pinterest (Si apre in una nuova finestra)<\/span><\/a><\/li><li class=\"share-end\"><\/li><li class=\"share-tumblr\"><a rel=\"nofollow noopener noreferrer\" data-shared=\"\" class=\"share-tumblr sd-button share-icon no-text\" href=\"https:\/\/www.magazinerandom.com\/mecenate\/ultimi-inserimenti\/?share=tumblr\" target=\"_blank\" title=\"Fai clic qui per condividere su Tumblr\"><span><\/span><span class=\"sharing-screen-reader-text\">Fai clic qui per condividere su Tumblr (Si apre in una nuova finestra)<\/span><\/a><\/li><li class=\"share-reddit\"><a rel=\"nofollow noopener noreferrer\" data-shared=\"\" class=\"share-reddit sd-button share-icon no-text\" href=\"https:\/\/www.magazinerandom.com\/mecenate\/ultimi-inserimenti\/?share=reddit\" target=\"_blank\" title=\"Fai clic qui per condividere su Reddit\"><span><\/span><span class=\"sharing-screen-reader-text\">Fai clic qui per condividere su Reddit (Si apre in una nuova finestra)<\/span><\/a><\/li><li class=\"share-end\"><\/li><li class=\"share-print\"><a rel=\"nofollow noopener noreferrer\" data-shared=\"\" class=\"share-print sd-button share-icon no-text\" href=\"https:\/\/www.magazinerandom.com\/mecenate\/ultimi-inserimenti\/\" target=\"_blank\" title=\"Fai clic qui per stampare\"><span><\/span><span class=\"sharing-screen-reader-text\">Fai clic qui per stampare (Si apre in una nuova finestra)<\/span><\/a><\/li><li class=\"share-end\"><\/li><\/ul><\/div><\/div><\/div><\/div><\/div>","protected":false},"excerpt":{"rendered":"<div class=\"sharedaddy sd-sharing-enabled\"><div class=\"robots-nocontent sd-block sd-social sd-social-icon sd-sharing\"><h3 class=\"sd-title\">Condividi (Share)<\/h3><div class=\"sd-content\"><ul><li class=\"share-email\"><a rel=\"nofollow noopener noreferrer\" data-shared=\"\" class=\"share-email sd-button share-icon no-text\" href=\"https:\/\/www.magazinerandom.com\/mecenate\/ultimi-inserimenti\/?share=email\" target=\"_blank\" title=\"Fai clic qui per inviare l'articolo via mail ad un amico\"><span><\/span><span class=\"sharing-screen-reader-text\">Fai clic qui per inviare l'articolo via mail ad un amico (Si apre in una nuova finestra)<\/span><\/a><\/li><li class=\"share-facebook\"><a rel=\"nofollow noopener noreferrer\" data-shared=\"sharing-facebook-1130\" class=\"share-facebook sd-button share-icon no-text\" href=\"https:\/\/www.magazinerandom.com\/mecenate\/ultimi-inserimenti\/?share=facebook\" target=\"_blank\" title=\"Fai clic per condividere su Facebook\"><span><\/span><span class=\"sharing-screen-reader-text\">Fai clic per condividere su Facebook (Si apre in una nuova finestra)<\/span><\/a><\/li><li class=\"share-twitter\"><a rel=\"nofollow noopener noreferrer\" data-shared=\"sharing-twitter-1130\" class=\"share-twitter sd-button share-icon no-text\" href=\"https:\/\/www.magazinerandom.com\/mecenate\/ultimi-inserimenti\/?share=twitter\" target=\"_blank\" title=\"Fai clic qui per condividere su Twitter\"><span><\/span><span class=\"sharing-screen-reader-text\">Fai clic qui per condividere su Twitter (Si apre in una nuova finestra)<\/span><\/a><\/li><li class=\"share-linkedin\"><a rel=\"nofollow noopener noreferrer\" data-shared=\"sharing-linkedin-1130\" class=\"share-linkedin sd-button share-icon no-text\" href=\"https:\/\/www.magazinerandom.com\/mecenate\/ultimi-inserimenti\/?share=linkedin\" target=\"_blank\" title=\"Fai clic qui per condividere su LinkedIn\"><span><\/span><span class=\"sharing-screen-reader-text\">Fai clic qui per condividere su LinkedIn (Si apre in una nuova finestra)<\/span><\/a><\/li><li><a href=\"#\" class=\"sharing-anchor sd-button share-more\"><span>Altro<\/span><\/a><\/li><li class=\"share-end\"><\/li><\/ul><div class=\"sharing-hidden\"><div class=\"inner\" style=\"display: none;\"><ul><li class=\"share-pocket\"><a rel=\"nofollow noopener noreferrer\" data-shared=\"\" class=\"share-pocket sd-button share-icon no-text\" href=\"https:\/\/www.magazinerandom.com\/mecenate\/ultimi-inserimenti\/?share=pocket\" target=\"_blank\" title=\"Fai clic qui per condividere su Pocket\"><span><\/span><span class=\"sharing-screen-reader-text\">Fai clic qui per condividere su Pocket (Si apre in una nuova finestra)<\/span><\/a><\/li><li class=\"share-pinterest\"><a rel=\"nofollow noopener noreferrer\" data-shared=\"sharing-pinterest-1130\" class=\"share-pinterest sd-button share-icon no-text\" href=\"https:\/\/www.magazinerandom.com\/mecenate\/ultimi-inserimenti\/?share=pinterest\" target=\"_blank\" title=\"Fai clic qui per condividere su Pinterest\"><span><\/span><span class=\"sharing-screen-reader-text\">Fai clic qui per condividere su Pinterest (Si apre in una nuova finestra)<\/span><\/a><\/li><li class=\"share-end\"><\/li><li class=\"share-tumblr\"><a rel=\"nofollow noopener noreferrer\" data-shared=\"\" class=\"share-tumblr sd-button share-icon no-text\" href=\"https:\/\/www.magazinerandom.com\/mecenate\/ultimi-inserimenti\/?share=tumblr\" target=\"_blank\" title=\"Fai clic qui per condividere su Tumblr\"><span><\/span><span class=\"sharing-screen-reader-text\">Fai clic qui per condividere su Tumblr (Si apre in una nuova finestra)<\/span><\/a><\/li><li class=\"share-reddit\"><a rel=\"nofollow noopener noreferrer\" data-shared=\"\" class=\"share-reddit sd-button share-icon no-text\" href=\"https:\/\/www.magazinerandom.com\/mecenate\/ultimi-inserimenti\/?share=reddit\" target=\"_blank\" title=\"Fai clic qui per condividere su Reddit\"><span><\/span><span class=\"sharing-screen-reader-text\">Fai clic qui per condividere su Reddit (Si apre in una nuova finestra)<\/span><\/a><\/li><li class=\"share-end\"><\/li><li class=\"share-print\"><a rel=\"nofollow noopener noreferrer\" data-shared=\"\" class=\"share-print sd-button share-icon no-text\" href=\"https:\/\/www.magazinerandom.com\/mecenate\/ultimi-inserimenti\/\" target=\"_blank\" title=\"Fai clic qui per stampare\"><span><\/span><span class=\"sharing-screen-reader-text\">Fai clic qui per stampare (Si apre in una nuova finestra)<\/span><\/a><\/li><li class=\"share-end\"><\/li><\/ul><\/div><\/div><\/div><\/div><\/div>","protected":false},"author":2,"featured_media":0,"parent":0,"menu_order":0,"comment_status":"closed","ping_status":"closed","template":"page-templates\/new-this-week.php","meta":{"spay_email":"","footnotes":""},"class_list":["post-1130","page","type-page","status-publish","hentry"],"jetpack_sharing_enabled":true,"jetpack-related-posts":[{"id":1102,"url":"https:\/\/www.magazinerandom.com\/mecenate\/progetto\/","url_meta":{"origin":1130,"position":0},"title":"Che cos'\u00e8 Mecenate?","date":"16 Luglio 2014","format":false,"excerpt":"Grande passione per l\u2019arte, lo spettacolo dal vivo, per il mantenimento e la tutela dei beni culturali che fanno dell'Italia un paese unico al mondo: questo \u00e8 il motore che gira alla base di Mecenate. Quante volte ci siamo trovati davanti a un bel progetto, meritevole di essere finanziato? Quante\u2026","rel":"","context":"Articolo simile","img":{"alt_text":"","src":"","width":0,"height":0},"classes":[]},{"id":1121,"url":"https:\/\/www.magazinerandom.com\/mecenate\/riepilogo-progetti-account\/","url_meta":{"origin":1130,"position":1},"title":"Riepilogo Progetti Account","date":"16 Agosto 2014","format":false,"excerpt":"","rel":"","context":"Articolo simile","img":{"alt_text":"","src":"","width":0,"height":0},"classes":[]},{"id":501,"url":"https:\/\/www.magazinerandom.com\/mecenate\/termini-e-condizioni\/faq\/","url_meta":{"origin":1130,"position":2},"title":"FAQ","date":"24 Marzo 2013","format":false,"excerpt":"Cosa c'\u00e8 da sapere 1. Come promuovo il mio progetto? 2. Come faccio a sostenere un progetto? 3. Le informazioni personali sono confidenziali? 4. Che tipo di progetti trovo su Mecenate? 5. Si paga per inserire un progetto? 6. Come posso aiutare i proprietari dei progetti? 7. Come posso aiutare\u2026","rel":"","context":"Articolo simile","img":{"alt_text":"","src":"https:\/\/i1.wp.com\/www.magazinerandom.com\/mecenate\/contenuti\/uploads\/2014\/09\/paypal-300x226.png?resize=350%2C200","width":350,"height":200},"classes":[]},{"id":1548,"url":"https:\/\/www.magazinerandom.com\/mecenate\/sostieni-mecenate\/","url_meta":{"origin":1130,"position":3},"title":"Sostieni Mecenate","date":"11 Settembre 2014","format":false,"excerpt":"COME SOSTENERE MECENATE Sostenere Mecenate significa sostenere Arte e Cultura. Si fa un gran parlare di arte in Italia, ma la storia recente del nostro paese dimostra che si tratta di chiacchiere. Eppure \u00e8 alla nostra cultura di base che dobbiamo quel credito che abbiamo nel mondo. Se vuoi sostenere\u2026","rel":"","context":"Articolo simile","img":{"alt_text":"","src":"","width":0,"height":0},"classes":[]},{"id":1134,"url":"https:\/\/www.magazinerandom.com\/mecenate\/scelti-dallo-staff\/","url_meta":{"origin":1130,"position":4},"title":"Progetti Scelti dallo Staff","date":"16 Agosto 2014","format":false,"excerpt":"","rel":"","context":"Articolo simile","img":{"alt_text":"","src":"","width":0,"height":0},"classes":[]},{"id":1321,"url":"https:\/\/www.magazinerandom.com\/mecenate\/come-fare\/","url_meta":{"origin":1130,"position":5},"title":"Come fare","date":"2 Settembre 2014","format":false,"excerpt":"SOSTIENI PROGETTI SELEZIONATI D'ARTE E CULTURA Il mecenatismo \u00e8 sempre stato alla base della possibilit\u00e0 di realizzare progetti pi\u00f9 o meno ambiziosi. Nella nostra societ\u00e0 non occorre essere dei magnati per fare un'azione pi\u00f9 che mai necessaria: sostenere arte e cultura. In Italia abbiamo bisogno di esempi. La convinzione che\u2026","rel":"","context":"Articolo simile","img":{"alt_text":"","src":"","width":0,"height":0},"classes":[]}],"jetpack_likes_enabled":false,"_links":{"self":[{"href":"https:\/\/www.magazinerandom.com\/mecenate\/wp-json\/wp\/v2\/pages\/1130","targetHints":{"allow":["GET"]}}],"collection":[{"href":"https:\/\/www.magazinerandom.com\/mecenate\/wp-json\/wp\/v2\/pages"}],"about":[{"href":"https:\/\/www.magazinerandom.com\/mecenate\/wp-json\/wp\/v2\/types\/page"}],"author":[{"embeddable":true,"href":"https:\/\/www.magazinerandom.com\/mecenate\/wp-json\/wp\/v2\/users\/2"}],"replies":[{"embeddable":true,"href":"https:\/\/www.magazinerandom.com\/mecenate\/wp-json\/wp\/v2\/comments?post=1130"}],"version-history":[{"count":2,"href":"https:\/\/www.magazinerandom.com\/mecenate\/wp-json\/wp\/v2\/pages\/1130\/revisions"}],"predecessor-version":[{"id":1400,"href":"https:\/\/www.magazinerandom.com\/mecenate\/wp-json\/wp\/v2\/pages\/1130\/revisions\/1400"}],"wp:attachment":[{"href":"https:\/\/www.magazinerandom.com\/mecenate\/wp-json\/wp\/v2\/media?parent=1130"}],"curies":[{"name":"wp","href":"https:\/\/api.w.org\/{rel}","templated":true}]}}