{"id":1548,"date":"2014-09-11T18:29:03","date_gmt":"2014-09-11T16:29:03","guid":{"rendered":"http:\/\/www.magazinerandom.com\/mecenate\/?page_id=1548"},"modified":"2015-01-06T09:49:15","modified_gmt":"2015-01-06T08:49:15","slug":"sostieni-mecenate","status":"publish","type":"page","link":"https:\/\/www.magazinerandom.com\/mecenate\/sostieni-mecenate\/","title":{"rendered":"Sostieni Mecenate"},"content":{"rendered":"<h3>COME SOSTENERE MECENATE<\/h3>\n<p style=\"text-align: left;\">Sostenere <a title=\"Che cos\u2019\u00e8 Mecenate?\" href=\"http:\/\/www.magazinerandom.com\/mecenate\/progetto\/\">Mecenate<\/a> significa sostenere Arte e Cultura.<\/p>\n<p style=\"text-align: right;\"><a><br \/>\n<\/a><input name=\"hosted_button_id\" type=\"hidden\" value=\"B4KARX7C6EXZQ\" \/><input title=\"Sostieni il nostro impegno con PayPal.\" alt=\"Sostieni il nostro impegno con PayPal.\" name=\"submit\" src=\"http:\/\/www.magazinerandom.com\/mecenate\/contenuti\/uploads\/2014\/09\/pulsante_donazione_mecenate_paypal.jpg\" type=\"image\" \/><\/p>\n<p>Si fa un gran parlare di arte in Italia, ma la storia recente del nostro paese dimostra che si tratta di chiacchiere.<br \/>\nEppure \u00e8 alla nostra cultura di base che dobbiamo quel credito che abbiamo nel mondo.<\/p>\n<p><strong>Se vuoi sostenere la nostra iniziativa, incoraggia i progetti che trovi su questo portale.<\/strong><br \/>\nDiventa il loro promotore, parlane con i tuoi amici, finanzia un progetto, quello che pi\u00f9 ti piace, quello che ti ispira.<br \/>\n<strong>Questo sar\u00e0 il modo migliore di sostenerci: dare voce ai progetti che scegliamo di proporre.<\/strong><\/p>\n<ul>Tutti, nel nostro piccolo, possiamo essere dei nuovi Mecenate.<\/ul>\n<p>Inizia anche tu. Scegli un progetto e sostienilo, anche con poco. Ora.<\/p>\n<p><strong>Se poi ti piace l&#8217;idea di darci una mano, saremo felici di includerti nell&#8217;albo dei nostri Mecenate speciali.<\/strong><br \/>\nIl nostro lavoro, che significa ore e ore di programmazione, \u00e8 essenzialmente a titolo gratuito.<br \/>\nS\u00ec, questo sito ha un costo. Ha un costo la sua gestione, il suo mantenimento e il continuo lavoro di cui necessita.<br \/>\nSe vuoi fare una donazione, puoi farlo adesso, da qui. Con <a style=\"color: #c32d3c;\" href=\"http:\/\/www.paypal.com\" target=\"_blank\" rel=\"nofollow\">Paypal<\/a> puoi usare la tua carta di credito. Perch\u00e8 rimandare? <input name=\"hosted_button_id\" type=\"hidden\" value=\"B4KARX7C6EXZQ\" \/><\/p>\n<form action=\"https:\/\/www.paypal.com\/cgi-bin\/webscr\" method=\"post\" target=\"_top\"><input title=\"Sostieni il nostro impegno con PayPal.\" alt=\"Sostieni il nostro impegno con PayPal.\" name=\"submit\" src=\"http:\/\/www.magazinerandom.com\/mecenate\/contenuti\/uploads\/2014\/09\/pulsante_donazione_paypal.jpg\" type=\"image\" \/><\/form>\n<p style=\"font-size: 11px;\">Usa <a style=\"color: #c32d3c;\" href=\"http:\/\/www.paypal.com\" target=\"_blank\" rel=\"nofollow\">Paypal<\/a> con la tua carta di credito in completa sicurezza.<\/p>\n<h3><\/h3>\n<h3>SOSTIENI MECENATE. SOSTIENI PROGETTI SELEZIONATI DI ARTE E CULTURA<\/h3>\n<p><img loading=\"lazy\" decoding=\"async\" data-attachment-id=\"1499\" data-permalink=\"https:\/\/www.magazinerandom.com\/mecenate\/come-fare\/random_banner_mecenate_paypal\/\" data-orig-file=\"https:\/\/www.magazinerandom.com\/mecenate\/contenuti\/uploads\/2014\/09\/random_banner_mecenate_paypal.jpg\" data-orig-size=\"750,67\" data-comments-opened=\"1\" data-image-meta=\"{&quot;aperture&quot;:&quot;0&quot;,&quot;credit&quot;:&quot;&quot;,&quot;camera&quot;:&quot;&quot;,&quot;caption&quot;:&quot;&quot;,&quot;created_timestamp&quot;:&quot;0&quot;,&quot;copyright&quot;:&quot;&quot;,&quot;focal_length&quot;:&quot;0&quot;,&quot;iso&quot;:&quot;0&quot;,&quot;shutter_speed&quot;:&quot;0&quot;,&quot;title&quot;:&quot;&quot;}\" data-image-title=\"random_banner_mecenate_paypal\" data-image-description=\"\" data-medium-file=\"https:\/\/www.magazinerandom.com\/mecenate\/contenuti\/uploads\/2014\/09\/random_banner_mecenate_paypal-300x26.jpg\" data-large-file=\"https:\/\/www.magazinerandom.com\/mecenate\/contenuti\/uploads\/2014\/09\/random_banner_mecenate_paypal.jpg\" class=\"alignnone wp-image-1499 size-full\" src=\"http:\/\/www.magazinerandom.com\/mecenate\/contenuti\/uploads\/2014\/09\/random_banner_mecenate_paypal.jpg\" alt=\"random_banner_mecenate_paypal\" width=\"750\" height=\"67\" srcset=\"https:\/\/www.magazinerandom.com\/mecenate\/contenuti\/uploads\/2014\/09\/random_banner_mecenate_paypal.jpg 750w, https:\/\/www.magazinerandom.com\/mecenate\/contenuti\/uploads\/2014\/09\/random_banner_mecenate_paypal-150x13.jpg 150w, https:\/\/www.magazinerandom.com\/mecenate\/contenuti\/uploads\/2014\/09\/random_banner_mecenate_paypal-300x26.jpg 300w, https:\/\/www.magazinerandom.com\/mecenate\/contenuti\/uploads\/2014\/09\/random_banner_mecenate_paypal-745x67.jpg 745w, https:\/\/www.magazinerandom.com\/mecenate\/contenuti\/uploads\/2014\/09\/random_banner_mecenate_paypal-253x22.jpg 253w\" sizes=\"auto, (max-width: 750px) 100vw, 750px\" \/><\/p>\n<h3>CONDIVIDI MECENATE. PARLANE CON I TUOI AMICI. PASSAPAROLA<\/h3>\n<p>&nbsp;<\/p>\n<div class=\"sharedaddy sd-sharing-enabled\"><div class=\"robots-nocontent sd-block sd-social sd-social-icon sd-sharing\"><h3 class=\"sd-title\">Condividi (Share)<\/h3><div class=\"sd-content\"><ul><li class=\"share-email\"><a rel=\"nofollow noopener noreferrer\" data-shared=\"\" class=\"share-email sd-button share-icon no-text\" href=\"https:\/\/www.magazinerandom.com\/mecenate\/sostieni-mecenate\/?share=email\" target=\"_blank\" title=\"Fai clic qui per inviare l'articolo via mail ad un amico\"><span><\/span><span class=\"sharing-screen-reader-text\">Fai clic qui per inviare l'articolo via mail ad un amico (Si apre in una nuova finestra)<\/span><\/a><\/li><li class=\"share-facebook\"><a rel=\"nofollow noopener noreferrer\" data-shared=\"sharing-facebook-1548\" class=\"share-facebook sd-button share-icon no-text\" href=\"https:\/\/www.magazinerandom.com\/mecenate\/sostieni-mecenate\/?share=facebook\" target=\"_blank\" title=\"Fai clic per condividere su Facebook\"><span><\/span><span class=\"sharing-screen-reader-text\">Fai clic per condividere su Facebook (Si apre in una nuova finestra)<\/span><\/a><\/li><li class=\"share-twitter\"><a rel=\"nofollow noopener noreferrer\" data-shared=\"sharing-twitter-1548\" class=\"share-twitter sd-button share-icon no-text\" href=\"https:\/\/www.magazinerandom.com\/mecenate\/sostieni-mecenate\/?share=twitter\" target=\"_blank\" title=\"Fai clic qui per condividere su Twitter\"><span><\/span><span class=\"sharing-screen-reader-text\">Fai clic qui per condividere su Twitter (Si apre in una nuova finestra)<\/span><\/a><\/li><li class=\"share-linkedin\"><a rel=\"nofollow noopener noreferrer\" data-shared=\"sharing-linkedin-1548\" class=\"share-linkedin sd-button share-icon no-text\" href=\"https:\/\/www.magazinerandom.com\/mecenate\/sostieni-mecenate\/?share=linkedin\" target=\"_blank\" title=\"Fai clic qui per condividere su LinkedIn\"><span><\/span><span class=\"sharing-screen-reader-text\">Fai clic qui per condividere su LinkedIn (Si apre in una nuova finestra)<\/span><\/a><\/li><li><a href=\"#\" class=\"sharing-anchor sd-button share-more\"><span>Altro<\/span><\/a><\/li><li class=\"share-end\"><\/li><\/ul><div class=\"sharing-hidden\"><div class=\"inner\" style=\"display: none;\"><ul><li class=\"share-pocket\"><a rel=\"nofollow noopener noreferrer\" data-shared=\"\" class=\"share-pocket sd-button share-icon no-text\" href=\"https:\/\/www.magazinerandom.com\/mecenate\/sostieni-mecenate\/?share=pocket\" target=\"_blank\" title=\"Fai clic qui per condividere su Pocket\"><span><\/span><span class=\"sharing-screen-reader-text\">Fai clic qui per condividere su Pocket (Si apre in una nuova finestra)<\/span><\/a><\/li><li class=\"share-pinterest\"><a rel=\"nofollow noopener noreferrer\" data-shared=\"sharing-pinterest-1548\" class=\"share-pinterest sd-button share-icon no-text\" href=\"https:\/\/www.magazinerandom.com\/mecenate\/sostieni-mecenate\/?share=pinterest\" target=\"_blank\" title=\"Fai clic qui per condividere su Pinterest\"><span><\/span><span class=\"sharing-screen-reader-text\">Fai clic qui per condividere su Pinterest (Si apre in una nuova finestra)<\/span><\/a><\/li><li class=\"share-end\"><\/li><li class=\"share-tumblr\"><a rel=\"nofollow noopener noreferrer\" data-shared=\"\" class=\"share-tumblr sd-button share-icon no-text\" href=\"https:\/\/www.magazinerandom.com\/mecenate\/sostieni-mecenate\/?share=tumblr\" target=\"_blank\" title=\"Fai clic qui per condividere su Tumblr\"><span><\/span><span class=\"sharing-screen-reader-text\">Fai clic qui per condividere su Tumblr (Si apre in una nuova finestra)<\/span><\/a><\/li><li class=\"share-reddit\"><a rel=\"nofollow noopener noreferrer\" data-shared=\"\" class=\"share-reddit sd-button share-icon no-text\" href=\"https:\/\/www.magazinerandom.com\/mecenate\/sostieni-mecenate\/?share=reddit\" target=\"_blank\" title=\"Fai clic qui per condividere su Reddit\"><span><\/span><span class=\"sharing-screen-reader-text\">Fai clic qui per condividere su Reddit (Si apre in una nuova finestra)<\/span><\/a><\/li><li class=\"share-end\"><\/li><li class=\"share-print\"><a rel=\"nofollow noopener noreferrer\" data-shared=\"\" class=\"share-print sd-button share-icon no-text\" href=\"https:\/\/www.magazinerandom.com\/mecenate\/sostieni-mecenate\/\" target=\"_blank\" title=\"Fai clic qui per stampare\"><span><\/span><span class=\"sharing-screen-reader-text\">Fai clic qui per stampare (Si apre in una nuova finestra)<\/span><\/a><\/li><li class=\"share-end\"><\/li><\/ul><\/div><\/div><\/div><\/div><\/div>","protected":false},"excerpt":{"rendered":"<p>COME SOSTENERE MECENATE Sostenere Mecenate significa sostenere Arte e Cultura. Si fa un gran parlare di arte in Italia, ma la storia recente del nostro paese dimostra che si tratta di chiacchiere. Eppure \u00e8 alla nostra [&hellip;]<\/p>\n<div class=\"sharedaddy sd-sharing-enabled\"><div class=\"robots-nocontent sd-block sd-social sd-social-icon sd-sharing\"><h3 class=\"sd-title\">Condividi (Share)<\/h3><div class=\"sd-content\"><ul><li class=\"share-email\"><a rel=\"nofollow noopener noreferrer\" data-shared=\"\" class=\"share-email sd-button share-icon no-text\" href=\"https:\/\/www.magazinerandom.com\/mecenate\/sostieni-mecenate\/?share=email\" target=\"_blank\" title=\"Fai clic qui per inviare l'articolo via mail ad un amico\"><span><\/span><span class=\"sharing-screen-reader-text\">Fai clic qui per inviare l'articolo via mail ad un amico (Si apre in una nuova finestra)<\/span><\/a><\/li><li class=\"share-facebook\"><a rel=\"nofollow noopener noreferrer\" data-shared=\"sharing-facebook-1548\" class=\"share-facebook sd-button share-icon no-text\" href=\"https:\/\/www.magazinerandom.com\/mecenate\/sostieni-mecenate\/?share=facebook\" target=\"_blank\" title=\"Fai clic per condividere su Facebook\"><span><\/span><span class=\"sharing-screen-reader-text\">Fai clic per condividere su Facebook (Si apre in una nuova finestra)<\/span><\/a><\/li><li class=\"share-twitter\"><a rel=\"nofollow noopener noreferrer\" data-shared=\"sharing-twitter-1548\" class=\"share-twitter sd-button share-icon no-text\" href=\"https:\/\/www.magazinerandom.com\/mecenate\/sostieni-mecenate\/?share=twitter\" target=\"_blank\" title=\"Fai clic qui per condividere su Twitter\"><span><\/span><span class=\"sharing-screen-reader-text\">Fai clic qui per condividere su Twitter (Si apre in una nuova finestra)<\/span><\/a><\/li><li class=\"share-linkedin\"><a rel=\"nofollow noopener noreferrer\" data-shared=\"sharing-linkedin-1548\" class=\"share-linkedin sd-button share-icon no-text\" href=\"https:\/\/www.magazinerandom.com\/mecenate\/sostieni-mecenate\/?share=linkedin\" target=\"_blank\" title=\"Fai clic qui per condividere su LinkedIn\"><span><\/span><span class=\"sharing-screen-reader-text\">Fai clic qui per condividere su LinkedIn (Si apre in una nuova finestra)<\/span><\/a><\/li><li><a href=\"#\" class=\"sharing-anchor sd-button share-more\"><span>Altro<\/span><\/a><\/li><li class=\"share-end\"><\/li><\/ul><div class=\"sharing-hidden\"><div class=\"inner\" style=\"display: none;\"><ul><li class=\"share-pocket\"><a rel=\"nofollow noopener noreferrer\" data-shared=\"\" class=\"share-pocket sd-button share-icon no-text\" href=\"https:\/\/www.magazinerandom.com\/mecenate\/sostieni-mecenate\/?share=pocket\" target=\"_blank\" title=\"Fai clic qui per condividere su Pocket\"><span><\/span><span class=\"sharing-screen-reader-text\">Fai clic qui per condividere su Pocket (Si apre in una nuova finestra)<\/span><\/a><\/li><li class=\"share-pinterest\"><a rel=\"nofollow noopener noreferrer\" data-shared=\"sharing-pinterest-1548\" class=\"share-pinterest sd-button share-icon no-text\" href=\"https:\/\/www.magazinerandom.com\/mecenate\/sostieni-mecenate\/?share=pinterest\" target=\"_blank\" title=\"Fai clic qui per condividere su Pinterest\"><span><\/span><span class=\"sharing-screen-reader-text\">Fai clic qui per condividere su Pinterest (Si apre in una nuova finestra)<\/span><\/a><\/li><li class=\"share-end\"><\/li><li class=\"share-tumblr\"><a rel=\"nofollow noopener noreferrer\" data-shared=\"\" class=\"share-tumblr sd-button share-icon no-text\" href=\"https:\/\/www.magazinerandom.com\/mecenate\/sostieni-mecenate\/?share=tumblr\" target=\"_blank\" title=\"Fai clic qui per condividere su Tumblr\"><span><\/span><span class=\"sharing-screen-reader-text\">Fai clic qui per condividere su Tumblr (Si apre in una nuova finestra)<\/span><\/a><\/li><li class=\"share-reddit\"><a rel=\"nofollow noopener noreferrer\" data-shared=\"\" class=\"share-reddit sd-button share-icon no-text\" href=\"https:\/\/www.magazinerandom.com\/mecenate\/sostieni-mecenate\/?share=reddit\" target=\"_blank\" title=\"Fai clic qui per condividere su Reddit\"><span><\/span><span class=\"sharing-screen-reader-text\">Fai clic qui per condividere su Reddit (Si apre in una nuova finestra)<\/span><\/a><\/li><li class=\"share-end\"><\/li><li class=\"share-print\"><a rel=\"nofollow noopener noreferrer\" data-shared=\"\" class=\"share-print sd-button share-icon no-text\" href=\"https:\/\/www.magazinerandom.com\/mecenate\/sostieni-mecenate\/\" target=\"_blank\" title=\"Fai clic qui per stampare\"><span><\/span><span class=\"sharing-screen-reader-text\">Fai clic qui per stampare (Si apre in una nuova finestra)<\/span><\/a><\/li><li class=\"share-end\"><\/li><\/ul><\/div><\/div><\/div><\/div><\/div>","protected":false},"author":2,"featured_media":0,"parent":0,"menu_order":0,"comment_status":"closed","ping_status":"closed","template":"","meta":{"spay_email":"","footnotes":""},"class_list":["post-1548","page","type-page","status-publish","hentry"],"jetpack_sharing_enabled":true,"jetpack-related-posts":[{"id":1321,"url":"https:\/\/www.magazinerandom.com\/mecenate\/come-fare\/","url_meta":{"origin":1548,"position":0},"title":"Come fare","date":"2 Settembre 2014","format":false,"excerpt":"SOSTIENI PROGETTI SELEZIONATI D'ARTE E CULTURA Il mecenatismo \u00e8 sempre stato alla base della possibilit\u00e0 di realizzare progetti pi\u00f9 o meno ambiziosi. Nella nostra societ\u00e0 non occorre essere dei magnati per fare un'azione pi\u00f9 che mai necessaria: sostenere arte e cultura. In Italia abbiamo bisogno di esempi. La convinzione che\u2026","rel":"","context":"Articolo simile","img":{"alt_text":"","src":"","width":0,"height":0},"classes":[]},{"id":1102,"url":"https:\/\/www.magazinerandom.com\/mecenate\/progetto\/","url_meta":{"origin":1548,"position":1},"title":"Che cos'\u00e8 Mecenate?","date":"16 Luglio 2014","format":false,"excerpt":"Grande passione per l\u2019arte, lo spettacolo dal vivo, per il mantenimento e la tutela dei beni culturali che fanno dell'Italia un paese unico al mondo: questo \u00e8 il motore che gira alla base di Mecenate. Quante volte ci siamo trovati davanti a un bel progetto, meritevole di essere finanziato? Quante\u2026","rel":"","context":"Articolo simile","img":{"alt_text":"","src":"","width":0,"height":0},"classes":[]},{"id":501,"url":"https:\/\/www.magazinerandom.com\/mecenate\/termini-e-condizioni\/faq\/","url_meta":{"origin":1548,"position":2},"title":"FAQ","date":"24 Marzo 2013","format":false,"excerpt":"Cosa c'\u00e8 da sapere 1. Come promuovo il mio progetto? 2. Come faccio a sostenere un progetto? 3. Le informazioni personali sono confidenziali? 4. Che tipo di progetti trovo su Mecenate? 5. Si paga per inserire un progetto? 6. Come posso aiutare i proprietari dei progetti? 7. Come posso aiutare\u2026","rel":"","context":"Articolo simile","img":{"alt_text":"","src":"https:\/\/i1.wp.com\/www.magazinerandom.com\/mecenate\/contenuti\/uploads\/2014\/09\/paypal-300x226.png?resize=350%2C200","width":350,"height":200},"classes":[]},{"id":1411,"url":"https:\/\/www.magazinerandom.com\/mecenate\/come-attivare-un-progetto\/","url_meta":{"origin":1548,"position":3},"title":"Come attivare un Progetto","date":"3 Settembre 2014","format":false,"excerpt":"Se visualizzi questa pagina hai ricevuto le tue credenziali per essere accreditato su Mecenate. Adesso passiamo all'inserimento della tua campagna di ricerca fondi. COME FARE Attivare un progetto \u00e9 semplice. Controlla che il tuo progetto rientri nelle aree previste da Mecenate. Contattaci. Cerca di essere il pi\u00f9 possibile esaustivo, raccontaci\u2026","rel":"","context":"Articolo simile","img":{"alt_text":"","src":"","width":0,"height":0},"classes":[]},{"id":1121,"url":"https:\/\/www.magazinerandom.com\/mecenate\/riepilogo-progetti-account\/","url_meta":{"origin":1548,"position":4},"title":"Riepilogo Progetti Account","date":"16 Agosto 2014","format":false,"excerpt":"","rel":"","context":"Articolo simile","img":{"alt_text":"","src":"","width":0,"height":0},"classes":[]},{"id":1130,"url":"https:\/\/www.magazinerandom.com\/mecenate\/ultimi-inserimenti\/","url_meta":{"origin":1548,"position":5},"title":"Ultimi Progetti Inseriti","date":"16 Agosto 2014","format":false,"excerpt":"","rel":"","context":"Articolo simile","img":{"alt_text":"","src":"","width":0,"height":0},"classes":[]}],"jetpack_likes_enabled":false,"_links":{"self":[{"href":"https:\/\/www.magazinerandom.com\/mecenate\/wp-json\/wp\/v2\/pages\/1548","targetHints":{"allow":["GET"]}}],"collection":[{"href":"https:\/\/www.magazinerandom.com\/mecenate\/wp-json\/wp\/v2\/pages"}],"about":[{"href":"https:\/\/www.magazinerandom.com\/mecenate\/wp-json\/wp\/v2\/types\/page"}],"author":[{"embeddable":true,"href":"https:\/\/www.magazinerandom.com\/mecenate\/wp-json\/wp\/v2\/users\/2"}],"replies":[{"embeddable":true,"href":"https:\/\/www.magazinerandom.com\/mecenate\/wp-json\/wp\/v2\/comments?post=1548"}],"version-history":[{"count":18,"href":"https:\/\/www.magazinerandom.com\/mecenate\/wp-json\/wp\/v2\/pages\/1548\/revisions"}],"predecessor-version":[{"id":1553,"href":"https:\/\/www.magazinerandom.com\/mecenate\/wp-json\/wp\/v2\/pages\/1548\/revisions\/1553"}],"wp:attachment":[{"href":"https:\/\/www.magazinerandom.com\/mecenate\/wp-json\/wp\/v2\/media?parent=1548"}],"curies":[{"name":"wp","href":"https:\/\/api.w.org\/{rel}","templated":true}]}}